{"id":17,"date":"2026-04-15T06:31:15","date_gmt":"2026-04-15T09:31:15","guid":{"rendered":"https:\/\/maioamarelo.branseventos.com.br\/?page_id=17"},"modified":"2026-04-15T06:51:48","modified_gmt":"2026-04-15T09:51:48","slug":"teste-01","status":"publish","type":"page","link":"https:\/\/maioamarelo.branseventos.com.br\/?page_id=17","title":{"rendered":"teste 01"},"content":{"rendered":"\t\t<div data-elementor-type=\"wp-page\" data-elementor-id=\"17\" class=\"elementor elementor-17\">\n\t\t\t\t<div class=\"elementor-element elementor-element-29d03860 e-flex e-con-boxed e-con e-parent\" data-id=\"29d03860\" data-element_type=\"container\" data-e-type=\"container\">\n\t\t\t\t\t<div class=\"e-con-inner\">\n\t\t\t\t<div class=\"elementor-element elementor-element-339bfaf1 elementor-widget elementor-widget-text-editor\" data-id=\"339bfaf1\" data-element_type=\"widget\" data-e-type=\"widget\" data-widget_type=\"text-editor.default\">\n\t\t\t\t\t\t\t\t\t\n<p>\u00a0<\/p>\n<!-- NAV --><nav><a class=\"nav-logo\" href=\"#\"> <span class=\"heart\">\ud83c\udfc5<\/span> Paz no Tr\u00e2nsito <\/a>\n<ul class=\"nav-links\">\n<li><a href=\"#movimento\">O Movimento<\/a><\/li>\n<li><a href=\"#percursos\">Percursos<\/a><\/li>\n<li><a href=\"#kits\">Inscri\u00e7\u00f5es<\/a><\/li>\n<li><a href=\"#premiacao\">Premia\u00e7\u00e3o<\/a><\/li>\n<li><a href=\"#experiencia\">Experi\u00eancia<\/a><\/li>\n<\/ul>\n<a class=\"nav-cta\" href=\"#kits\">Inscreva-se<\/a><\/nav><!-- HERO -->\n<section id=\"hero\" class=\"hero\">\n<div class=\"hero-bg\">\u00a0<\/div>\n<div class=\"hero-overlay\">\u00a0<\/div>\n<div class=\"hero-content\">\n<div class=\"badge\">Maio Amarelo 2026<\/div>\n<h1>6\u00aa Corrida<br \/><em>Paz no<\/em><br \/>Tr\u00e2nsito<\/h1>\n<p class=\"hero-sub\">No tr\u00e2nsito, enxergar o outro \u00e9 salvar vidas<\/p>\n<p class=\"hero-org\">Realiza\u00e7\u00e3o: Departamento Municipal de Tr\u00e2nsito \u00a0\u2022\u00a0 Organiza\u00e7\u00e3o: Brans Eventos<\/p>\n<div class=\"hero-meta\">\n<div class=\"hero-meta-item\">\n<div class=\"icon\">\ud83d\udcc5<\/div>\n30 de Maio, 2026 (S\u00e1bado)<\/div>\n<div class=\"hero-meta-item\">\n<div class=\"icon\">\ud83d\udccd<\/div>\nSamb\u00f3dromo de Bebedouro, SP<\/div>\n<div class=\"hero-meta-item\">\n<div class=\"icon\">\u23f1<\/div>\nLargada \u00e0s 18h<\/div>\n<\/div>\n<a class=\"btn-primary\" href=\"#kits\">Inscreva-se Agora<\/a> <a class=\"btn-outline\" href=\"#percursos\">Ver Percursos<\/a><\/div>\n<\/section>\n<!-- MOVIMENTO -->\n<section id=\"movimento\" class=\"movimento\">\n<div class=\"center reveal\"><span class=\"section-label\">O Movimento<\/span>\n<h2 class=\"section-title\">Maio Amarelo<\/h2>\n<p class=\"section-sub\">O Maio Amarelo \u00e9 um movimento internacional de conscientiza\u00e7\u00e3o para redu\u00e7\u00e3o de acidentes de tr\u00e2nsito. Esta corrida une esporte e responsabilidade social, promovendo a reflex\u00e3o sobre o papel de cada um na constru\u00e7\u00e3o de um tr\u00e2nsito mais seguro.<\/p>\n<\/div>\n<div class=\"movimento-cards reveal\">\n<div class=\"card-base\">\n<div class=\"card-icon\">\ud83e\udd1d<\/div>\n<h3>Conscientiza\u00e7\u00e3o<\/h3>\n<p>Promover a reflex\u00e3o sobre a responsabilidade de todos pela seguran\u00e7a no tr\u00e2nsito.<\/p>\n<\/div>\n<div class=\"card-base\">\n<div class=\"card-icon\">\ud83d\udc65<\/div>\n<h3>Uni\u00e3o<\/h3>\n<p>Reunir milhares de pessoas em prol de um objetivo comum: salvar vidas.<\/p>\n<\/div>\n<div class=\"card-base\">\n<div class=\"card-icon\">\ud83c\udfc6<\/div>\n<h3>Movimento<\/h3>\n<p>Transformar atitude em a\u00e7\u00e3o atrav\u00e9s do esporte e da solidariedade.<\/p>\n<\/div>\n<\/div>\n<\/section>\n<!-- PERCURSOS -->\n<section id=\"percursos\" class=\"percursos\">\n<div class=\"center reveal\"><span class=\"section-label\">Percursos<\/span>\n<h2 class=\"section-title\">Escolha Seu Percurso<\/h2>\n<p class=\"section-sub\">Op\u00e7\u00f5es para todos os n\u00edveis e idades<\/p>\n<\/div>\n<div class=\"percurso-grid reveal\">\n<div class=\"percurso-card yellow\">\n<div class=\"percurso-type\">Corrida<\/div>\n<div class=\"percurso-dist\">5K<\/div>\n<div class=\"percurso-detail\">Idade m\u00ednima: 16 anos<\/div>\n<div class=\"percurso-desc\">Ideal para iniciantes e intermedi\u00e1rios<\/div>\n<\/div>\n<div class=\"percurso-card dark\">\n<div class=\"percurso-type\">Corrida<\/div>\n<div class=\"percurso-dist\">10K<\/div>\n<div class=\"percurso-detail\">Idade m\u00ednima: 18 anos<\/div>\n<div class=\"percurso-desc\">Para corredores experientes<\/div>\n<\/div>\n<div class=\"percurso-card outline\">\n<div class=\"percurso-type\">Caminhada<\/div>\n<div class=\"percurso-dist\">5K<\/div>\n<div class=\"percurso-detail\">Idade: Livre<\/div>\n<div class=\"percurso-desc\">Para toda a fam\u00edlia<\/div>\n<\/div>\n<div class=\"percurso-card light\">\n<div class=\"percurso-type\">Kids<\/div>\n<div class=\"percurso-dist\" style=\"font-size: 52px;\">50\u2013200m<\/div>\n<div class=\"percurso-detail\">2 a 13 anos<\/div>\n<div class=\"percurso-desc\">Divers\u00e3o para as crian\u00e7as<\/div>\n<\/div>\n<\/div>\n<div class=\"percurso-alert reveal\">\u26a0\ufe0f Menores de 18 anos dever\u00e3o apresentar termo de responsabilidade assinado pelo respons\u00e1vel<\/div>\n<\/section>\n<!-- KITS -->\n<section id=\"kits\" class=\"kits\">\n<div class=\"center reveal\"><span class=\"section-label\">Inscri\u00e7\u00f5es<\/span>\n<h2 class=\"section-title\">Escolha Seu Kit<\/h2>\n<p class=\"section-sub\">Vagas limitadas \u00a0\u2022\u00a0 Pre\u00e7os do 1\u00ba Lote<\/p>\n<\/div>\n<div class=\"kits-grid reveal\">\n<div class=\"kit-card\">\n<div class=\"kit-name\">Kit Incentivo<\/div>\n<div class=\"kit-price\">R$ 54,90<\/div>\n<div class=\"kit-tax\">+ R$ 5,49 taxa<\/div>\n<ul class=\"kit-features\">\n<li><span class=\"check\">\u2713<\/span> Chip de cronometragem<\/li>\n<li><span class=\"check\">\u2713<\/span> N\u00famero de peito<\/li>\n<li><span class=\"check\">\u2713<\/span> Medalha p\u00f3s-prova<\/li>\n<\/ul>\n<a class=\"btn-kit btn-kit-dark\" href=\"#\">Inscrever-se<\/a><\/div>\n<div class=\"kit-card featured\">\n<div class=\"popular-badge\">Mais Popular<\/div>\n<div class=\"kit-name\">Kit Completo<\/div>\n<div class=\"kit-price\">R$ 69,90<\/div>\n<div class=\"kit-tax\">+ R$ 6,99 taxa<\/div>\n<ul class=\"kit-features\">\n<li><span class=\"check\">\u2713<\/span> Camiseta oficial<\/li>\n<li><span class=\"check\">\u2713<\/span> Chip de cronometragem<\/li>\n<li><span class=\"check\">\u2713<\/span> N\u00famero de peito<\/li>\n<li><span class=\"check\">\u2713<\/span> Medalha p\u00f3s-prova<\/li>\n<\/ul>\n<a class=\"btn-kit btn-kit-light\" href=\"#\">Inscrever-se<\/a><\/div>\n<div class=\"kit-card\">\n<div class=\"kit-name\">Kit Plus<\/div>\n<div class=\"kit-price\">R$ 109,90<\/div>\n<div class=\"kit-tax\">+ R$ 10,99 taxa<\/div>\n<ul class=\"kit-features\">\n<li><span class=\"check\">\u2713<\/span> Camiseta oficial<\/li>\n<li><span class=\"check\">\u2713<\/span> Chip + N\u00famero<\/li>\n<li><span class=\"check\">\u2713<\/span> Medalha com grava\u00e7\u00e3o<\/li>\n<li><span class=\"check\">\u2713<\/span> Porta medalha + Viseira<\/li>\n<li><span class=\"check\">\u2713<\/span> PhotoTime (foto personalizada)<\/li>\n<\/ul>\n<a class=\"btn-kit btn-kit-dark\" href=\"#\">Inscrever-se<\/a><\/div>\n<\/div>\n<div class=\"group-banner reveal\">\ud83c\udf89 Desconto para Grupos: A cada 15 inscri\u00e7\u00f5es, ganhe 1 de cortesia!<\/div>\n<\/section>\n<!-- PREMIA\u00c7\u00c3O -->\n<section id=\"premiacao\" class=\"premiacao\">\n<div class=\"center reveal\">\n<h2 class=\"section-title\">Premia\u00e7\u00e3o<\/h2>\n<p class=\"section-sub\">Trof\u00e9us para os melhores atletas<\/p>\n<\/div>\n<div class=\"premio-grid reveal\">\n<div class=\"premio-box\">\n<div class=\"premio-icon yellow\">\ud83c\udfc6<\/div>\n<h3>Classifica\u00e7\u00e3o Geral<\/h3>\n<p>Trof\u00e9us para os 5 primeiros colocados (masculino e feminino)<\/p>\n<div class=\"premio-note\">Tempo bruto \u00a0\u2022\u00a0 Atletas do geral n\u00e3o acumulam premia\u00e7\u00e3o por categoria<\/div>\n<\/div>\n<div class=\"premio-box\">\n<div class=\"premio-icon dark\">\ud83c\udfc6<\/div>\n<h3>Por Categoria<\/h3>\n<p>Trof\u00e9us para os 3 primeiros de cada faixa et\u00e1ria (masculino e feminino)<\/p>\n<div class=\"faixas-grid\">\n<div class=\"faixa-tag\">16\u201319 anos<\/div>\n<div class=\"faixa-tag\">20\u201329 anos<\/div>\n<div class=\"faixa-tag\">30\u201339 anos<\/div>\n<div class=\"faixa-tag\">40\u201349 anos<\/div>\n<div class=\"faixa-tag\">50\u201359 anos<\/div>\n<div class=\"faixa-tag\">60+ anos<\/div>\n<\/div>\n<\/div>\n<\/div>\n<div class=\"crono-box reveal\">\n<div class=\"crono-title\">\u23f1 Cronometragem Eletr\u00f4nica<\/div>\n<div class=\"crono-sub\">Sistema profissional de cronometragem para garantir precis\u00e3o nos resultados<\/div>\n<div class=\"crono-card\">\n<div class=\"label\">Tempo Bruto<\/div>\n<div class=\"desc\">Classifica\u00e7\u00e3o geral<\/div>\n<\/div>\n<div class=\"crono-card\">\n<div class=\"label\">Tempo L\u00edquido<\/div>\n<div class=\"desc\">Categorias por idade<\/div>\n<\/div>\n<\/div>\n<\/section>\n<!-- EXPERI\u00caNCIA -->\n<section id=\"experiencia\" class=\"experiencia\">\n<div class=\"exp-layout reveal\">\n<div><span class=\"section-label\">A Experi\u00eancia<\/span>\n<h2 class=\"section-title\">Mais que uma corrida<\/h2>\n<p style=\"color: var(--muted); font-size: 16px; line-height: 1.6; margin-bottom: 0;\">Viva momentos inesquec\u00edveis ao lado de milhares de pessoas que compartilham do mesmo prop\u00f3sito. Energia, supera\u00e7\u00e3o e solidariedade em cada passo.<\/p>\n<div class=\"exp-features\">\n<div class=\"exp-feature\">\n<div class=\"exp-dot\">\u00a0<\/div>\n<div>\n<h4>Concentra\u00e7\u00e3o<\/h4>\n<p>Abertura \u00e0s 16h com aquecimento e atividades<\/p>\n<\/div>\n<\/div>\n<div class=\"exp-feature\">\n<div class=\"exp-dot\">\u00a0<\/div>\n<div>\n<h4>P\u00f3s-Prova<\/h4>\n<p>\u00c1gua, frutas e isot\u00f4nico para todos os participantes<\/p>\n<\/div>\n<\/div>\n<div class=\"exp-feature\">\n<div class=\"exp-dot\">\u00a0<\/div>\n<div>\n<h4>\u00c1rea Kids<\/h4>\n<p>Atividades educativas sobre seguran\u00e7a no tr\u00e2nsito<\/p>\n<\/div>\n<\/div>\n<\/div>\n<\/div>\n<div class=\"exp-imgs\">\n<div class=\"exp-img\"><img decoding=\"async\" src=\"https:\/\/images.unsplash.com\/photo-1571008887538-b36bb32f4571?w=800&amp;q=80\" alt=\"Corrida de rua\" \/><\/div>\n<div class=\"exp-img\"><img decoding=\"async\" src=\"https:\/\/images.unsplash.com\/photo-1452626038306-9aae5e071dd3?w=400&amp;q=80\" alt=\"Atletas correndo\" \/><\/div>\n<div class=\"exp-img\"><img decoding=\"async\" src=\"https:\/\/images.unsplash.com\/photo-1476480862126-209bfaa8edc8?w=400&amp;q=80\" alt=\"Evento de corrida\" \/><\/div>\n<\/div>\n<\/div>\n<div class=\"kit-retirada reveal\">\n<h3>Retirada de Kits<\/h3>\n<div class=\"retirada-grid\">\n<div class=\"retirada-item\">\n<div class=\"retirada-icon\">\ud83d\udcc5<\/div>\n<h4>Data e Local<\/h4>\n<p>Informa\u00e7\u00f5es ser\u00e3o divulgadas na semana da corrida<\/p>\n<\/div>\n<div class=\"retirada-item\">\n<div class=\"retirada-icon\">\ud83d\udc64<\/div>\n<h4>Documentos<\/h4>\n<p>Documento com foto + comprovante de inscri\u00e7\u00e3o<\/p>\n<\/div>\n<div class=\"retirada-item\">\n<div class=\"retirada-icon\">\u2b50<\/div>\n<h4>Importante<\/h4>\n<p>Confira todos os dados no momento da retirada<\/p>\n<\/div>\n<\/div>\n<div class=\"retirada-note\">\u26a0\ufe0f Tamanho da camiseta escolhido na inscri\u00e7\u00e3o \u00a0\u2022\u00a0 Troca sujeita \u00e0 disponibilidade<\/div>\n<\/div>\n<\/section>\n<!-- CTA FINAL -->\n<section class=\"cta-final\">\n<h2>Fa\u00e7a Parte Desta<br \/>Corrida pela Vida<\/h2>\n<p>No tr\u00e2nsito, enxergar o outro \u00e9 salvar vidas<\/p>\n<p class=\"vagas\">Vagas limitadas \u00a0\u2022\u00a0 As inscri\u00e7\u00f5es podem encerrar sem aviso pr\u00e9vio<\/p>\n<div class=\"cta-btns\"><a class=\"btn-dark\" href=\"#kits\">Inscreva-se Agora<\/a> <a class=\"btn-outline-dark\" href=\"#\">Ver Regulamento<\/a><\/div>\n<div class=\"stats-strip\">\n<div class=\"stat-item\">\n<div class=\"stat-num\">30<\/div>\n<div class=\"stat-label\">de Maio, 2026<\/div>\n<\/div>\n<div class=\"stat-divider\">\u00a0<\/div>\n<div class=\"stat-item\">\n<div class=\"stat-num\">18h<\/div>\n<div class=\"stat-label\">Hor\u00e1rio da largada<\/div>\n<\/div>\n<div class=\"stat-divider\">\u00a0<\/div>\n<div class=\"stat-item\">\n<div class=\"stat-num\">16h<\/div>\n<div class=\"stat-label\">In\u00edcio da concentra\u00e7\u00e3o<\/div>\n<\/div>\n<\/div>\n<\/section>\n<!-- FOOTER --><footer>\n<div class=\"footer-grid\">\n<div class=\"footer-brand\">\n<div class=\"logo\">\ud83c\udfc5 6\u00aa Corrida Paz no Tr\u00e2nsito<\/div>\n<p>Maio Amarelo 2026<br \/>No tr\u00e2nsito, enxergar o outro \u00e9 salvar vidas<\/p>\n<\/div>\n<div class=\"footer-col\">\n<h4>Informa\u00e7\u00f5es<\/h4>\n<ul>\n<li><a href=\"#\">Regulamento<\/a><\/li>\n<li><a href=\"#percursos\">Percursos<\/a><\/li>\n<li><a href=\"#premiacao\">Premia\u00e7\u00e3o<\/a><\/li>\n<li><a href=\"#\">FAQ<\/a><\/li>\n<\/ul>\n<\/div>\n<div class=\"footer-col\">\n<h4>Organiza\u00e7\u00e3o<\/h4>\n<p>Realiza\u00e7\u00e3o:<br \/>Departamento Municipal de Tr\u00e2nsito<\/p>\n<br \/>\n<p>Organiza\u00e7\u00e3o:<br \/>Brans Eventos<\/p>\n<\/div>\n<\/div>\n<div class=\"footer-bottom\">\u00a9 2026 6\u00aa Corrida Paz no Tr\u00e2nsito \u00a0\u2022\u00a0 Todos os direitos reservados<\/div>\n<\/footer><!-- JAVASCRIPT -->\n<p><script>\n  const observer = new IntersectionObserver((entries) => {\n    entries.forEach(e => {\n      if (e.isIntersecting) { e.target.classList.add('visible'); }\n    });\n  }, { threshold: 0.1 });\n  document.querySelectorAll('.reveal').forEach(el => observer.observe(el));\n<\/script><\/p>\n\t\t\t\t\t\t\t\t<\/div>\n\t\t\t\t\t<\/div>\n\t\t\t\t<\/div>\n\t\t<div class=\"elementor-element elementor-element-1ba20cf e-flex e-con-boxed e-con e-parent\" data-id=\"1ba20cf\" data-element_type=\"container\" data-e-type=\"container\">\n\t\t\t\t\t<div class=\"e-con-inner\">\n\t\t\t\t<div class=\"elementor-element elementor-element-1ad605d elementor-widget elementor-widget-html\" data-id=\"1ad605d\" data-element_type=\"widget\" data-e-type=\"widget\" data-widget_type=\"html.default\">\n\t\t\t\t\t<nav>\r\n  <a href=\"#\" class=\"nav-logo\">\r\n    <span class=\"heart\">\ud83c\udfc5<\/span>\r\n    <span>Paz no <span>Tr\u00e2nsito<\/span><\/span>\r\n  <\/a>\r\n  <ul class=\"nav-links\">\r\n    <li><a href=\"#movimento\">O Movimento<\/a><\/li>\r\n    <li><a href=\"#percursos\">Percursos<\/a><\/li>\r\n    <li><a href=\"#kits\">Inscri\u00e7\u00f5es<\/a><\/li>\r\n    <li><a href=\"#premiacao\">Premia\u00e7\u00e3o<\/a><\/li>\r\n    <li><a href=\"#experiencia\">Experi\u00eancia<\/a><\/li>\r\n  <\/ul>\r\n  <a href=\"#kits\" class=\"nav-cta\">Inscreva-se<\/a>\r\n<\/nav>\t\t\t\t<\/div>\n\t\t\t\t<div class=\"elementor-element elementor-element-e89d9f3 elementor-widget elementor-widget-html\" data-id=\"e89d9f3\" data-element_type=\"widget\" data-e-type=\"widget\" data-widget_type=\"html.default\">\n\t\t\t\t\t<section class=\"hero\" id=\"hero\">\r\n  <div class=\"hero-bg\"><\/div>\r\n  <div class=\"hero-overlay\"><\/div>\r\n  <div class=\"hero-content\">\r\n    <div class=\"badge\"><span class=\"dot\"><\/span> Maio Amarelo 2026<\/div>\r\n    <h1>6\u00aa Corrida<br><em>Paz no<\/em><br>Tr\u00e2nsito<\/h1>\r\n    <p class=\"hero-sub\">No tr\u00e2nsito, enxergar o outro \u00e9 salvar vidas<\/p>\r\n    <p class=\"hero-org\">Realiza\u00e7\u00e3o: Departamento Municipal de Tr\u00e2nsito &nbsp;\u2022&nbsp; Organiza\u00e7\u00e3o: Brans Eventos<\/p>\r\n    <div class=\"hero-meta\">\r\n      <div class=\"hero-meta-item\"><div class=\"icon\">\ud83d\udcc5<\/div> 30 de Maio, 2026 (S\u00e1bado)<\/div>\r\n      <div class=\"hero-meta-item\"><div class=\"icon\">\ud83d\udccd<\/div> Samb\u00f3dromo de Bebedouro, SP<\/div>\r\n      <div class=\"hero-meta-item\"><div class=\"icon\">\u23f1<\/div> Largada \u00e0s 18h<\/div>\r\n    <\/div>\r\n    <a href=\"#kits\" class=\"btn-primary\">Inscreva-se Agora<\/a>\r\n    <a href=\"#percursos\" class=\"btn-outline\">Ver Percursos<\/a>\r\n  <\/div>\r\n<\/section>\t\t\t\t<\/div>\n\t\t\t\t\t<\/div>\n\t\t\t\t<\/div>\n\t\t\t\t<\/div>\n\t\t","protected":false},"excerpt":{"rendered":"<p>\u00a0 \ud83c\udfc5 Paz no Tr\u00e2nsito O Movimento Percursos Inscri\u00e7\u00f5es Premia\u00e7\u00e3o Experi\u00eancia Inscreva-se \u00a0 \u00a0 Maio Amarelo 2026 6\u00aa CorridaPaz noTr\u00e2nsito No tr\u00e2nsito, enxergar o outro \u00e9 salvar vidas Realiza\u00e7\u00e3o: Departamento Municipal de Tr\u00e2nsito \u00a0\u2022\u00a0 Organiza\u00e7\u00e3o: Brans Eventos \ud83d\udcc5 30 de Maio, 2026 (S\u00e1bado) \ud83d\udccd Samb\u00f3dromo de Bebedouro, SP \u23f1 Largada \u00e0s 18h Inscreva-se Agora Ver [&hellip;]<\/p>\n","protected":false},"author":1,"featured_media":0,"parent":0,"menu_order":0,"comment_status":"closed","ping_status":"closed","template":"elementor_header_footer","meta":{"footnotes":""},"class_list":["post-17","page","type-page","status-publish","hentry"],"_links":{"self":[{"href":"https:\/\/maioamarelo.branseventos.com.br\/index.php?rest_route=\/wp\/v2\/pages\/17","targetHints":{"allow":["GET"]}}],"collection":[{"href":"https:\/\/maioamarelo.branseventos.com.br\/index.php?rest_route=\/wp\/v2\/pages"}],"about":[{"href":"https:\/\/maioamarelo.branseventos.com.br\/index.php?rest_route=\/wp\/v2\/types\/page"}],"author":[{"embeddable":true,"href":"https:\/\/maioamarelo.branseventos.com.br\/index.php?rest_route=\/wp\/v2\/users\/1"}],"replies":[{"embeddable":true,"href":"https:\/\/maioamarelo.branseventos.com.br\/index.php?rest_route=%2Fwp%2Fv2%2Fcomments&post=17"}],"version-history":[{"count":11,"href":"https:\/\/maioamarelo.branseventos.com.br\/index.php?rest_route=\/wp\/v2\/pages\/17\/revisions"}],"predecessor-version":[{"id":29,"href":"https:\/\/maioamarelo.branseventos.com.br\/index.php?rest_route=\/wp\/v2\/pages\/17\/revisions\/29"}],"wp:attachment":[{"href":"https:\/\/maioamarelo.branseventos.com.br\/index.php?rest_route=%2Fwp%2Fv2%2Fmedia&parent=17"}],"curies":[{"name":"wp","href":"https:\/\/api.w.org\/{rel}","templated":true}]}}